{"id":47,"date":"2022-08-11T21:11:00","date_gmt":"2022-08-11T21:11:00","guid":{"rendered":"https:\/\/ecosiembra.co\/?page_id=47"},"modified":"2025-02-10T18:34:16","modified_gmt":"2025-02-10T18:34:16","slug":"servicios","status":"publish","type":"page","link":"https:\/\/ecosiembra.co\/?page_id=47&lang=es","title":{"rendered":"Servicios"},"content":{"rendered":"<p>\u00a1Con tu ayuda recuperaremos el bosque Seco tropical!<\/p><p>Tenemos el paquete a medida que necesitas tu empresa, ya sea para cumplir con la ley 2173 (Ley del \u00c1rbol) o para llevar a cabo el programa de Responsabilidad Social Empresarial. El Bosque Nativo es una iniciativa de siembra de \u00e1rboles con la cual tu empresa apoyar\u00e1 a la <strong>rehabilitaci\u00f3n del Bosque Seco Tropical en el Oeste Antioque\u00f1o<\/strong>. El proyecto impacta de manera positiva la salud del suelo, captura CO2, ayuda a la regeneraci\u00f3n de corredores para la fauna e implica de forma activa a los pobladores de la zona, generando impacto a nivel social.<\/p><div style=\"height:53px\" aria-hidden=\"true\" class=\"wp-block-spacer\"><\/div><div class=\"wp-block-cover is-light\" style=\"min-height:269px;aspect-ratio:unset;\" id=\"ArbolTitiES\"><span aria-hidden=\"true\" class=\"wp-block-cover__background has-background-dim\" style=\"background-color:#8a987b\"><\/span><img loading=\"lazy\" decoding=\"async\" width=\"2560\" height=\"1707\" class=\"wp-block-cover__image-background wp-image-627\" alt=\"\" src=\"https:\/\/ecosiembra.co\/wp-content\/uploads\/2024\/11\/Mono-titi_JobertEnamno-scaled.jpg\" data-object-fit=\"cover\" srcset=\"https:\/\/ecosiembra.co\/wp-content\/uploads\/2024\/11\/Mono-titi_JobertEnamno-scaled.jpg 2560w, https:\/\/ecosiembra.co\/wp-content\/uploads\/2024\/11\/Mono-titi_JobertEnamno-300x200.jpg 300w, https:\/\/ecosiembra.co\/wp-content\/uploads\/2024\/11\/Mono-titi_JobertEnamno-1024x683.jpg 1024w, https:\/\/ecosiembra.co\/wp-content\/uploads\/2024\/11\/Mono-titi_JobertEnamno-2000x1333.jpg 2000w\" sizes=\"(max-width: 2560px) 100vw, 2560px\" \/><div class=\"wp-block-cover__inner-container is-layout-flow wp-block-cover-is-layout-flow\"><p class=\"has-text-align-center has-large-font-size\"><strong>\u00c1rbol Nativo Tit\u00ed<\/strong><\/p>\n\n<p class=\"has-medium-font-size\"><strong>Desde 10 unidades<\/strong><\/p>\n\n<p class=\"has-medium-font-size\"><strong>Tu emprendimiento compensa su huella de carbono con un paquete que puedes dise\u00f1ar a tu medida.<\/strong><\/p><\/div><\/div><div class=\"wp-block-columns is-layout-flex wp-container-core-columns-is-layout-1 wp-block-columns-is-layout-flex\"><div class=\"wp-block-column is-layout-flow wp-block-column-is-layout-flow\"><p><strong>Al adquirir \u00c1rbol Nativo Tit\u00ed recibir\u00e1s:<\/strong><\/p>\n\n<figure class=\"wp-block-image aligncenter size-full is-resized\"><img loading=\"lazy\" decoding=\"async\" width=\"260\" height=\"361\" src=\"https:\/\/ecosiembra.co\/wp-content\/uploads\/2024\/11\/WEB_Ecosiembra-7.jpg\" alt=\"\" class=\"wp-image-562\" style=\"width:224px;height:auto\" srcset=\"https:\/\/ecosiembra.co\/wp-content\/uploads\/2024\/11\/WEB_Ecosiembra-7.jpg 260w, https:\/\/ecosiembra.co\/wp-content\/uploads\/2024\/11\/WEB_Ecosiembra-7-216x300.jpg 216w\" sizes=\"(max-width: 260px) 100vw, 260px\" \/><\/figure><\/div>\n\n<div class=\"wp-block-column is-vertically-aligned-center is-layout-flow wp-block-column-is-layout-flow\"><p>Adopta* desde 10 unidades de \u00e1rbol nativo para iniciar el camino de mitigaci\u00f3n de huella de carbono y protecci\u00f3n del Bosque Seco Tropical.<\/p>\n\n<p>Recibe un certificado digital con la informaci\u00f3n geogr\u00e1fica de la siembra.<\/p>\n\n<p>Recibe una ficha digital con informaci\u00f3n sobre las especies de \u00e1rbol adoptadas, y sus funciones para el ecosistema de Bosque Seco Tropical.<\/p><\/div><\/div><div class=\"wp-block-buttons alignwide is-content-justification-right is-layout-flex wp-container-core-buttons-is-layout-1 wp-block-buttons-is-layout-flex\"><div class=\"wp-block-button has-custom-width wp-block-button__width-25 has-custom-font-size is-style-outline has-small-font-size is-style-outline--5a2efd807c1e0ac5e3f4c2792c292d51\" id=\"serrv.\"><a class=\"wp-block-button__link has-background wp-element-button\" href=\"https:\/\/api.whatsapp.com\/send\/?phone=573144102348&amp;text=Hola%21+Quiero+compensar+mi+huella+de+carbono.&amp;type=phone_number&amp;app_absent=0\" style=\"border-radius:45px;background-color:#aacb31\" rel=\"https:\/\/ecosiembra.co\/index.php\/servicios\/1\/\">Comprar ahora<\/a><\/div><\/div><div style=\"height:70px\" aria-hidden=\"true\" class=\"wp-block-spacer\"><\/div><div class=\"wp-block-cover is-light\" style=\"min-height:269px;aspect-ratio:unset;\" id=\"BosqEmpNatES\"><span aria-hidden=\"true\" class=\"wp-block-cover__background has-background-dim\" style=\"background-color:#798d5d\"><\/span><img loading=\"lazy\" decoding=\"async\" width=\"2560\" height=\"1707\" class=\"wp-block-cover__image-background wp-image-624\" alt=\"\" src=\"https:\/\/ecosiembra.co\/wp-content\/uploads\/2024\/11\/abeja-erik-karits-scaled.jpg\" data-object-fit=\"cover\" srcset=\"https:\/\/ecosiembra.co\/wp-content\/uploads\/2024\/11\/abeja-erik-karits-scaled.jpg 2560w, https:\/\/ecosiembra.co\/wp-content\/uploads\/2024\/11\/abeja-erik-karits-300x200.jpg 300w, https:\/\/ecosiembra.co\/wp-content\/uploads\/2024\/11\/abeja-erik-karits-1024x683.jpg 1024w, https:\/\/ecosiembra.co\/wp-content\/uploads\/2024\/11\/abeja-erik-karits-2000x1333.jpg 2000w\" sizes=\"(max-width: 2560px) 100vw, 2560px\" \/><div class=\"wp-block-cover__inner-container is-layout-flow wp-block-cover-is-layout-flow\"><p class=\"has-text-align-center has-large-font-size\"><strong>Bosque Empresarial Nativo <\/strong><\/p>\n\n<p class=\"has-medium-font-size\"><strong>Desde 500 unidades<\/strong><\/p>\n\n<p class=\"has-medium-font-size\"><strong>Dise\u00f1ado para aquellas empresas que desean llevar la sostenibilidad al siguiente nivel, impactando al Bosque Seco Tropical y su biodiversidad. <\/strong><\/p><\/div><\/div><div class=\"wp-block-columns is-layout-flex wp-container-core-columns-is-layout-2 wp-block-columns-is-layout-flex\"><div class=\"wp-block-column is-layout-flow wp-block-column-is-layout-flow\"><p><strong>Al sembrar con nosotros tu Bosque Empresarial Recibes:<\/strong><\/p>\n\n<figure class=\"wp-block-image aligncenter size-full is-resized\"><img loading=\"lazy\" decoding=\"async\" width=\"400\" height=\"505\" src=\"https:\/\/ecosiembra.co\/wp-content\/uploads\/2024\/11\/WEB_Ecosiembra-9.jpg\" alt=\"\" class=\"wp-image-580\" style=\"width:304px;height:auto\" srcset=\"https:\/\/ecosiembra.co\/wp-content\/uploads\/2024\/11\/WEB_Ecosiembra-9.jpg 400w, https:\/\/ecosiembra.co\/wp-content\/uploads\/2024\/11\/WEB_Ecosiembra-9-238x300.jpg 238w\" sizes=\"(max-width: 400px) 100vw, 400px\" \/><\/figure><\/div>\n\n<div class=\"wp-block-column is-vertically-aligned-center is-layout-flow wp-block-column-is-layout-flow\"><p>Planta el bosque empresarial de tu compa\u00f1\u00eda desde 500 unidades de arboles nativos del Bosque Seco Tropical <\/p>\n\n<p>Recibe un certificado digital con georeferenciaci\u00f3n y especificaciones de la plantaci\u00f3n<\/p>\n\n<p>Recibe un informe de siembra, con las especificaciones de las especies y tipo de proyecto. <\/p>\n\n<p>Recibir\u00e1s Material audiovisual de divulgaci\u00f3n Back y Front con informaci\u00f3n del proyecto de siembra. <\/p>\n\n<p>Informe semestral del desarrollo de tu bisque empresarial, con el que podr\u00e1s mostrar a clientes y aliados tu compromiso ambiental. <\/p>\n\n<p>Actividad de siembra y educaci\u00f3n ambiental*<\/p>\n\n<p>Tu bosque estar\u00e1 identificado y delimitado <\/p><\/div><\/div><div class=\"wp-block-buttons alignwide is-content-justification-right is-layout-flex wp-container-core-buttons-is-layout-2 wp-block-buttons-is-layout-flex\"><div class=\"wp-block-button has-custom-width wp-block-button__width-25 has-custom-font-size is-style-outline has-small-font-size is-style-outline--6e74ff6876ee7d0974425af2f858343a\" id=\"serrv.\"><a class=\"wp-block-button__link has-background wp-element-button\" href=\"https:\/\/api.whatsapp.com\/send\/?phone=573144102348&amp;text=Hola%21+Quiero+compensar+mi+huella+de+carbono.&amp;type=phone_number&amp;app_absent=0\" style=\"border-radius:45px;background-color:#aacb31\" rel=\"https:\/\/ecosiembra.co\/index.php\/servicios\/1\/\">Cotizar<\/a><\/div><\/div><div style=\"height:70px\" aria-hidden=\"true\" class=\"wp-block-spacer\"><\/div><div class=\"wp-block-cover\" style=\"min-height:269px;aspect-ratio:unset;\" id=\"EduAmbES\"><span aria-hidden=\"true\" class=\"wp-block-cover__background has-background-dim\" style=\"background-color:#847344\"><\/span><img loading=\"lazy\" decoding=\"async\" width=\"1707\" height=\"2560\" class=\"wp-block-cover__image-background wp-image-626\" alt=\"\" src=\"https:\/\/ecosiembra.co\/wp-content\/uploads\/2024\/11\/ardilla-Daniil-konrdrashin-scaled.jpg\" data-object-fit=\"cover\" srcset=\"https:\/\/ecosiembra.co\/wp-content\/uploads\/2024\/11\/ardilla-Daniil-konrdrashin-scaled.jpg 1707w, https:\/\/ecosiembra.co\/wp-content\/uploads\/2024\/11\/ardilla-Daniil-konrdrashin-200x300.jpg 200w, https:\/\/ecosiembra.co\/wp-content\/uploads\/2024\/11\/ardilla-Daniil-konrdrashin-683x1024.jpg 683w, https:\/\/ecosiembra.co\/wp-content\/uploads\/2024\/11\/ardilla-Daniil-konrdrashin-2000x3000.jpg 2000w\" sizes=\"(max-width: 1707px) 100vw, 1707px\" \/><div class=\"wp-block-cover__inner-container is-layout-flow wp-block-cover-is-layout-flow\"><p class=\"has-text-align-center has-large-font-size\"><strong>Educaci\u00f3n Ambiental <\/strong><\/p>\n\n<p class=\"has-medium-font-size\"><strong>Dise\u00f1ado para aquellas empresas que desean sensibilizar con un impacto positivo clientes, colaboradores y aliados. Puede incluir actividad de siembra in situ en colaboraci\u00f3n con los participantes. <\/strong><\/p><\/div><\/div><div class=\"wp-block-columns is-layout-flex wp-container-core-columns-is-layout-3 wp-block-columns-is-layout-flex\"><div class=\"wp-block-column is-layout-flow wp-block-column-is-layout-flow\"><p><strong>Atr\u00e9vete a vivir una experiencia diferentes con nuestra l\u00ednea de Educaci\u00f3n Ambiental<\/strong><\/p>\n\n<figure class=\"wp-block-image aligncenter size-full is-resized\"><img loading=\"lazy\" decoding=\"async\" width=\"313\" height=\"402\" src=\"https:\/\/ecosiembra.co\/wp-content\/uploads\/2024\/11\/WEB_Ecosiembra-11.jpg\" alt=\"\" class=\"wp-image-598\" style=\"width:280px;height:auto\" srcset=\"https:\/\/ecosiembra.co\/wp-content\/uploads\/2024\/11\/WEB_Ecosiembra-11.jpg 313w, https:\/\/ecosiembra.co\/wp-content\/uploads\/2024\/11\/WEB_Ecosiembra-11-234x300.jpg 234w\" sizes=\"(max-width: 313px) 100vw, 313px\" \/><\/figure><\/div>\n\n<div class=\"wp-block-column is-vertically-aligned-center is-layout-flow wp-block-column-is-layout-flow\"><p>Sensibiliza a empleados, clientes y colaboradores<\/p>\n\n<p>Actividades de siembra insitu opcional<\/p>\n\n<p>Material audiovisual de divulgaci\u00f3n Back y Front<\/p><\/div><\/div><div class=\"wp-block-buttons alignwide is-content-justification-right is-layout-flex wp-container-core-buttons-is-layout-3 wp-block-buttons-is-layout-flex\"><div class=\"wp-block-button has-custom-width wp-block-button__width-25 has-custom-font-size is-style-outline has-small-font-size is-style-outline--6e74ff6876ee7d0974425af2f858343a\" id=\"serrv.\"><a class=\"wp-block-button__link has-background wp-element-button\" href=\"https:\/\/api.whatsapp.com\/send\/?phone=573144102348&amp;text=Hola%21+Quiero+compensar+mi+huella+de+carbono.&amp;type=phone_number&amp;app_absent=0\" style=\"border-radius:45px;background-color:#aacb31\" rel=\"https:\/\/ecosiembra.co\/index.php\/servicios\/1\/\">Cotizar<\/a><\/div><\/div><div style=\"height:70px\" aria-hidden=\"true\" class=\"wp-block-spacer\"><\/div><div class=\"wp-block-cover\" style=\"min-height:269px;aspect-ratio:unset;\" id=\"CaptuCoEs\"><span aria-hidden=\"true\" class=\"wp-block-cover__background has-background-dim\" style=\"background-color:#5c5627\"><\/span><img decoding=\"async\" class=\"wp-block-cover__image-background wp-image-257\" alt=\"\" src=\"https:\/\/ecosiembra.co\/wp-content\/uploads\/2022\/09\/pexels-nothing-ahead-7124506.jpg\" data-object-fit=\"cover\"\/><div class=\"wp-block-cover__inner-container is-layout-flow wp-block-cover-is-layout-flow\"><p class=\"has-text-align-center has-large-font-size\"><strong>Captura de CO2 <\/strong><\/p>\n\n<p class=\"has-medium-font-size\"><strong>Con tu aporte sembramos \u00e1rboles que protegen la masa vegetal nativa. \u00c9sta siembra tiene el prop\u00f3sito de convertirse en cerco vivo del Bosque Nativo mientras capturamos CO2 y promovemos el crecimiento del sotobosque nativo aportando sombra. <\/strong><\/p><\/div><\/div><div class=\"wp-block-columns is-layout-flex wp-container-core-columns-is-layout-4 wp-block-columns-is-layout-flex\"><div class=\"wp-block-column is-layout-flow wp-block-column-is-layout-flow\"><p><strong>Al adquirir Captura de CO2 recibir\u00e1s:<\/strong><\/p>\n\n<figure class=\"wp-block-image aligncenter size-full is-resized\"><img loading=\"lazy\" decoding=\"async\" width=\"265\" height=\"359\" src=\"https:\/\/ecosiembra.co\/wp-content\/uploads\/2024\/11\/WEB_Ecosiembra-12.jpg\" alt=\"\" class=\"wp-image-601\" style=\"width:256px;height:auto\" srcset=\"https:\/\/ecosiembra.co\/wp-content\/uploads\/2024\/11\/WEB_Ecosiembra-12.jpg 265w, https:\/\/ecosiembra.co\/wp-content\/uploads\/2024\/11\/WEB_Ecosiembra-12-221x300.jpg 221w\" sizes=\"(max-width: 265px) 100vw, 265px\" \/><\/figure><\/div>\n\n<div class=\"wp-block-column is-vertically-aligned-center is-layout-flow wp-block-column-is-layout-flow\"><p>Siembra desde 500 \u00e1rboles<\/p>\n\n<p>Certificado digital con georeferenciaci\u00f3n<\/p>\n\n<p>Material audiovisual de divulgaci\u00f3n Back y Front<\/p>\n\n<p>Zona delimitada e identificada<\/p><\/div><\/div><div class=\"wp-block-buttons alignwide is-content-justification-right is-layout-flex wp-container-core-buttons-is-layout-4 wp-block-buttons-is-layout-flex\"><div class=\"wp-block-button has-custom-width wp-block-button__width-25 has-custom-font-size is-style-outline has-small-font-size is-style-outline--6e74ff6876ee7d0974425af2f858343a\" id=\"serrv.\"><a class=\"wp-block-button__link has-background wp-element-button\" href=\"https:\/\/api.whatsapp.com\/send\/?phone=573144102348&amp;text=Hola%21+Quiero+compensar+mi+huella+de+carbono.&amp;type=phone_number&amp;app_absent=0\" style=\"border-radius:45px;background-color:#aacb31\" rel=\"https:\/\/ecosiembra.co\/index.php\/servicios\/1\/\">Cotizar<\/a><\/div><\/div><div style=\"height:70px\" aria-hidden=\"true\" class=\"wp-block-spacer\"><\/div>","protected":false},"excerpt":{"rendered":"<p>\u00a1Con tu ayuda recuperaremos el bosque Seco tropical! Tenemos el paquete a medida que necesitas tu empresa, ya sea para cumplir con la ley 2173 (Ley del \u00c1rbol) o para llevar a cabo el programa de Responsabilidad Social Empresarial. El Bosque Nativo es una iniciativa de siembra de \u00e1rboles con la cual tu empresa apoyar\u00e1 &hellip; <\/p>\n<p class=\"link-more\"><a href=\"https:\/\/ecosiembra.co\/?page_id=47&#038;lang=es\" class=\"more-link\">Leer m\u00e1s<span class=\"screen-reader-text\"> \u00abServicios\u00bb<\/span><\/a><\/p>\n","protected":false},"author":1,"featured_media":185,"parent":0,"menu_order":0,"comment_status":"closed","ping_status":"closed","template":"","meta":{"om_disable_all_campaigns":false,"_monsterinsights_skip_tracking":false,"_monsterinsights_sitenote_active":false,"_monsterinsights_sitenote_note":"","_monsterinsights_sitenote_category":0,"footnotes":""},"class_list":["post-47","page","type-page","status-publish","has-post-thumbnail","hentry"],"jetpack_sharing_enabled":true,"_links":{"self":[{"href":"https:\/\/ecosiembra.co\/index.php?rest_route=\/wp\/v2\/pages\/47"}],"collection":[{"href":"https:\/\/ecosiembra.co\/index.php?rest_route=\/wp\/v2\/pages"}],"about":[{"href":"https:\/\/ecosiembra.co\/index.php?rest_route=\/wp\/v2\/types\/page"}],"author":[{"embeddable":true,"href":"https:\/\/ecosiembra.co\/index.php?rest_route=\/wp\/v2\/users\/1"}],"replies":[{"embeddable":true,"href":"https:\/\/ecosiembra.co\/index.php?rest_route=%2Fwp%2Fv2%2Fcomments&post=47"}],"version-history":[{"count":44,"href":"https:\/\/ecosiembra.co\/index.php?rest_route=\/wp\/v2\/pages\/47\/revisions"}],"predecessor-version":[{"id":951,"href":"https:\/\/ecosiembra.co\/index.php?rest_route=\/wp\/v2\/pages\/47\/revisions\/951"}],"wp:featuredmedia":[{"embeddable":true,"href":"https:\/\/ecosiembra.co\/index.php?rest_route=\/wp\/v2\/media\/185"}],"wp:attachment":[{"href":"https:\/\/ecosiembra.co\/index.php?rest_route=%2Fwp%2Fv2%2Fmedia&parent=47"}],"curies":[{"name":"wp","href":"https:\/\/api.w.org\/{rel}","templated":true}]}}