{"id":30,"date":"2022-08-11T21:09:43","date_gmt":"2022-08-11T21:09:43","guid":{"rendered":"https:\/\/ecosiembra.co\/?page_id=30"},"modified":"2024-11-13T18:04:51","modified_gmt":"2024-11-13T18:04:51","slug":"about","status":"publish","type":"page","link":"https:\/\/ecosiembra.co\/?page_id=30&lang=es","title":{"rendered":"Sobre nosotros"},"content":{"rendered":"<div class=\"wp-block-group is-layout-flow wp-block-group-is-layout-flow\"><div class=\"wp-block-group has-global-padding is-layout-constrained wp-block-group-is-layout-constrained\"><div class=\"wp-block-media-text has-media-on-the-right is-stacked-on-mobile\" style=\"grid-template-columns:auto 49%\"><div class=\"wp-block-media-text__content\"><p class=\"has-text-align-center has-tertiary-color has-text-color has-link-color has-medium-font-size wp-elements-a16ccc4093946c5696cfd24c82603430\">Somos una empresa familiar, creada desde la preocupaci\u00f3n por el impacto sobre el medio ambiente.<\/p>\n\n<p>Liderada por mujeres provenientes del sector cultural que han decidido traer toda su creatividad y dedicaci\u00f3n al proyecto de restauraci\u00f3n del Bosque Seco Tropical.<\/p>\n\n<p>Abrazamos la tradici\u00f3n andina de la permacultura y la fusionamos con t\u00e9cnicas de restauraci\u00f3n de suelos de la <strong>agricultura biodin\u00e1mica<\/strong>, innovando con el uso de t\u00e9cnicas org\u00e1nicas tradicionalmente utilizadas para la agricultura, eliminando la necesidad de pesticidas y fertilizantes para nuestros procesos.<\/p>\n\n<p>Todo esto con el fin de <strong>restaurar el Bosque Seco Tropical.<\/strong><\/p><\/div><figure class=\"wp-block-media-text__media\"><img loading=\"lazy\" decoding=\"async\" width=\"1024\" height=\"768\" src=\"https:\/\/ecosiembra.co\/wp-content\/uploads\/2023\/05\/20230224_122710-1024x768.jpg\" alt=\"\" class=\"wp-image-350 size-thumbnail\" srcset=\"https:\/\/ecosiembra.co\/wp-content\/uploads\/2023\/05\/20230224_122710-1024x768.jpg 1024w, https:\/\/ecosiembra.co\/wp-content\/uploads\/2023\/05\/20230224_122710-300x225.jpg 300w, https:\/\/ecosiembra.co\/wp-content\/uploads\/2023\/05\/20230224_122710-768x576.jpg 768w, https:\/\/ecosiembra.co\/wp-content\/uploads\/2023\/05\/20230224_122710-1536x1152.jpg 1536w, https:\/\/ecosiembra.co\/wp-content\/uploads\/2023\/05\/20230224_122710-2048x1536.jpg 2048w, https:\/\/ecosiembra.co\/wp-content\/uploads\/2023\/05\/20230224_122710-2000x1500.jpg 2000w\" sizes=\"(max-width: 1024px) 100vw, 1024px\" \/><\/figure><\/div><\/div><\/div><div class=\"wp-block-columns is-layout-flex wp-container-core-columns-is-layout-1 wp-block-columns-is-layout-flex\"><div class=\"wp-block-column is-vertically-aligned-center is-layout-flow wp-block-column-is-layout-flow\" style=\"flex-basis:50%\"><div class=\"wp-block-group is-content-justification-center is-nowrap is-layout-flex wp-container-core-group-is-layout-3 wp-block-group-is-layout-flex\"><figure class=\"wp-block-image size-large is-resized\"><img loading=\"lazy\" decoding=\"async\" width=\"951\" height=\"1024\" src=\"https:\/\/ecosiembra.co\/wp-content\/uploads\/2024\/10\/double-951x1024.png\" alt=\"\" class=\"wp-image-425\" style=\"width:103px;height:auto\" srcset=\"https:\/\/ecosiembra.co\/wp-content\/uploads\/2024\/10\/double-951x1024.png 951w, https:\/\/ecosiembra.co\/wp-content\/uploads\/2024\/10\/double-279x300.png 279w, https:\/\/ecosiembra.co\/wp-content\/uploads\/2024\/10\/double-2000x2154.png 2000w\" sizes=\"(max-width: 951px) 100vw, 951px\" \/><\/figure>\n\n<p class=\"has-text-align-center has-text-color has-link-color has-x-large-font-size wp-elements-18306b982aa2031574380f09d54ee76e\" style=\"color:#4d7e25\"><strong>Misi\u00f3n <\/strong><\/p><\/div><\/div>\n\n<div class=\"wp-block-column is-vertically-aligned-center is-layout-flow wp-block-column-is-layout-flow\" style=\"padding-right:var(--wp--preset--spacing--small);flex-basis:50%\"><p class=\"has-text-align-left\">Desarrollar proyectos para restablecer la biodiversidad y el balance, empleando t\u00e9cnicas respetuosas y coherentes con el medio ambiente.<\/p>\n\n<p>El objetivo a largo plazo es aportar a la regeneraci\u00f3n de los corredores para la biodiversidad, y a su vez ofrecer a nuestros clientes herramientas que les permita desarrollar Programas de Responsabilidad Social Empresarial con impacto real y positivo.<\/p><\/div><\/div><div class=\"wp-block-columns is-layout-flex wp-container-core-columns-is-layout-2 wp-block-columns-is-layout-flex\"><div class=\"wp-block-column is-layout-flow wp-block-column-is-layout-flow\" style=\"flex-basis:50%\"><div class=\"wp-block-cover aligncenter is-light\" style=\"min-height:218px;aspect-ratio:unset;\"><span aria-hidden=\"true\" class=\"wp-block-cover__background has-white-background-color has-background-dim\"><\/span><div class=\"wp-block-cover__inner-container is-layout-flow wp-block-cover-is-layout-flow\"><div class=\"wp-block-group is-content-justification-center is-nowrap is-layout-flex wp-container-core-group-is-layout-4 wp-block-group-is-layout-flex\"><figure class=\"wp-block-image size-large is-resized\"><img loading=\"lazy\" decoding=\"async\" width=\"951\" height=\"1024\" src=\"https:\/\/ecosiembra.co\/wp-content\/uploads\/2024\/10\/double-951x1024.png\" alt=\"\" class=\"wp-image-425\" style=\"width:103px\" srcset=\"https:\/\/ecosiembra.co\/wp-content\/uploads\/2024\/10\/double-951x1024.png 951w, https:\/\/ecosiembra.co\/wp-content\/uploads\/2024\/10\/double-279x300.png 279w, https:\/\/ecosiembra.co\/wp-content\/uploads\/2024\/10\/double-2000x2154.png 2000w\" sizes=\"(max-width: 951px) 100vw, 951px\" \/><\/figure>\n\n<p class=\"has-text-align-center has-text-color has-link-color has-x-large-font-size wp-elements-60410da8dbe6815c61c10208f6aac266\" style=\"color:#4d7e25\"><strong>Visi\u00f3n <\/strong><\/p><\/div><\/div><\/div><\/div>\n\n<div class=\"wp-block-column is-vertically-aligned-center is-layout-flow wp-block-column-is-layout-flow\" style=\"padding-right:var(--wp--preset--spacing--medium);flex-basis:50%\"><p>Desarrollar proyectos para restablecer la biodiversidad y el balance, ser a 2030 un referente en restauraci\u00f3n de bosque con practicas respetuosas para el medio ambiente.  Impactar de forma positiva la industria a nivel nacional e internacional con proyectos  sociales de captura de CO2, aportando a la regeneraci\u00f3n de los corredores para la biodiversidad en el territorio Colombiano. Empleando t\u00e9cnicas respetuosas y coherentes con el medio ambiente.<\/p><\/div><\/div><div style=\"height:100px\" aria-hidden=\"true\" class=\"wp-block-spacer\"><\/div><figure class=\"wp-block-image aligncenter size-large\"><img loading=\"lazy\" decoding=\"async\" width=\"1024\" height=\"529\" src=\"https:\/\/ecosiembra.co\/wp-content\/uploads\/2024\/11\/WEB_Ecosiembra-6-1024x529.jpg\" alt=\"\" class=\"wp-image-523\" srcset=\"https:\/\/ecosiembra.co\/wp-content\/uploads\/2024\/11\/WEB_Ecosiembra-6-1024x529.jpg 1024w, https:\/\/ecosiembra.co\/wp-content\/uploads\/2024\/11\/WEB_Ecosiembra-6-300x155.jpg 300w, https:\/\/ecosiembra.co\/wp-content\/uploads\/2024\/11\/WEB_Ecosiembra-6.jpg 1346w\" sizes=\"(max-width: 1024px) 100vw, 1024px\" \/><\/figure><div style=\"height:100px\" aria-hidden=\"true\" class=\"wp-block-spacer\"><\/div><p><\/p><div class=\"wp-block-group alignwide is-layout-flow wp-block-group-is-layout-flow\"><div class=\"wp-block-columns alignwide are-vertically-aligned-top is-layout-flex wp-container-core-columns-is-layout-3 wp-block-columns-is-layout-flex\"><div class=\"wp-block-column is-vertically-aligned-top is-layout-flow wp-block-column-is-layout-flow\"><figure class=\"wp-block-image size-full\"><img loading=\"lazy\" decoding=\"async\" width=\"780\" height=\"778\" src=\"https:\/\/ecosiembra.co\/wp-content\/uploads\/2022\/09\/IMG-20220705-WA0001-edited.jpg\" alt=\"\" class=\"wp-image-228\" srcset=\"https:\/\/ecosiembra.co\/wp-content\/uploads\/2022\/09\/IMG-20220705-WA0001-edited.jpg 780w, https:\/\/ecosiembra.co\/wp-content\/uploads\/2022\/09\/IMG-20220705-WA0001-edited-300x300.jpg 300w, https:\/\/ecosiembra.co\/wp-content\/uploads\/2022\/09\/IMG-20220705-WA0001-edited-150x150.jpg 150w, https:\/\/ecosiembra.co\/wp-content\/uploads\/2022\/09\/IMG-20220705-WA0001-edited-768x766.jpg 768w\" sizes=\"(max-width: 780px) 100vw, 780px\" \/><\/figure>\n\n<p class=\"has-black-color has-text-color has-medium-font-size\"><a href=\"#\">Nuestro Equipo<\/a><\/p>\n\n<p>No solo somos un gran equipo comprometido con la recuperaci\u00f3n del Bosque Seco Tropical, somos una empresa familiar que trabaja unida por el futuro de nuestros hijos.<\/p>\n\n<p><\/p><\/div>\n\n<div class=\"wp-block-column is-vertically-aligned-top is-layout-flow wp-block-column-is-layout-flow\"><figure class=\"wp-block-image size-large\"><img loading=\"lazy\" decoding=\"async\" width=\"675\" height=\"673\" src=\"https:\/\/ecosiembra.co\/wp-content\/uploads\/2022\/09\/ECO-edited-1.jpg\" alt=\"\" class=\"wp-image-227\" srcset=\"https:\/\/ecosiembra.co\/wp-content\/uploads\/2022\/09\/ECO-edited-1.jpg 675w, https:\/\/ecosiembra.co\/wp-content\/uploads\/2022\/09\/ECO-edited-1-300x300.jpg 300w, https:\/\/ecosiembra.co\/wp-content\/uploads\/2022\/09\/ECO-edited-1-150x150.jpg 150w\" sizes=\"(max-width: 675px) 100vw, 675px\" \/><\/figure>\n\n<p class=\"has-black-color has-text-color has-medium-font-size\"><a href=\"https:\/\/ecosiembra.co\/index.php\/nuestra-filosofia\/\" title=\"Nuestra Filosofia\">Nuestra Filosof\u00eda<\/a><\/p>\n\n<p>So\u00f1amos con ciudades m\u00e1s verdes, aire m\u00e1s limpio y un consumo responsable.<\/p>\n\n<p>Conscientes del impacto sobre el ambiente de nuestros estilos de vida y modos de consumo, buscamos acompa\u00f1ar empresas en sus actividades de compensaci\u00f3n.<\/p>\n\n<p><\/p><\/div>\n\n<div class=\"wp-block-column is-vertically-aligned-top is-layout-flow wp-block-column-is-layout-flow\"><figure class=\"wp-block-image aligncenter size-large is-style-default\"><img loading=\"lazy\" decoding=\"async\" width=\"1206\" height=\"1206\" src=\"https:\/\/ecosiembra.co\/wp-content\/uploads\/2022\/09\/pexels-serkan-atay-13353678-edited-3.jpg\" alt=\"\" class=\"wp-image-226\" srcset=\"https:\/\/ecosiembra.co\/wp-content\/uploads\/2022\/09\/pexels-serkan-atay-13353678-edited-3.jpg 1206w, https:\/\/ecosiembra.co\/wp-content\/uploads\/2022\/09\/pexels-serkan-atay-13353678-edited-3-300x300.jpg 300w, https:\/\/ecosiembra.co\/wp-content\/uploads\/2022\/09\/pexels-serkan-atay-13353678-edited-3-1024x1024.jpg 1024w, https:\/\/ecosiembra.co\/wp-content\/uploads\/2022\/09\/pexels-serkan-atay-13353678-edited-3-150x150.jpg 150w, https:\/\/ecosiembra.co\/wp-content\/uploads\/2022\/09\/pexels-serkan-atay-13353678-edited-3-768x768.jpg 768w\" sizes=\"(max-width: 1206px) 100vw, 1206px\" \/><\/figure>\n\n<p class=\"has-black-color has-text-color has-medium-font-size\"><a href=\"https:\/\/ecosiembra.co\/index.php\/servicios\/\" title=\"Servicios\">Servicios<\/a> <\/p>\n\n<p>Sabemos que las empresas desean llevar los estatutos de Responsabilidad Social Empresarial a proyectos tangibles. Con la siembra de cada \u00e1rbol no solo capturamos toneladas de CO2 anuales, sino que contribuimos a la conservaci\u00f3n de un ecosistema en peligro de extinci\u00f3n y beneficiamos a la comunidad trabajando de la mano de sus habitantes.<\/p>\n\n<p class=\"has-text-color\" style=\"color:#7a7a7a\">.<\/p><\/div><\/div><\/div><div style=\"height:100px\" aria-hidden=\"true\" class=\"wp-block-spacer\"><\/div><p><\/p>","protected":false},"excerpt":{"rendered":"<p>Somos una empresa familiar, creada desde la preocupaci\u00f3n por el impacto sobre el medio ambiente. Liderada por mujeres provenientes del sector cultural que han decidido traer toda su creatividad y dedicaci\u00f3n al proyecto de restauraci\u00f3n del Bosque Seco Tropical. Abrazamos la tradici\u00f3n andina de la permacultura y la fusionamos con t\u00e9cnicas de restauraci\u00f3n de suelos &hellip; <\/p>\n<p class=\"link-more\"><a href=\"https:\/\/ecosiembra.co\/?page_id=30&#038;lang=es\" class=\"more-link\">Leer m\u00e1s<span class=\"screen-reader-text\"> \u00abSobre nosotros\u00bb<\/span><\/a><\/p>\n","protected":false},"author":1,"featured_media":549,"parent":0,"menu_order":0,"comment_status":"closed","ping_status":"closed","template":"page-templates\/full-width-builder-bb.php","meta":{"om_disable_all_campaigns":false,"_monsterinsights_skip_tracking":false,"_monsterinsights_sitenote_active":false,"_monsterinsights_sitenote_note":"","_monsterinsights_sitenote_category":0,"footnotes":""},"class_list":["post-30","page","type-page","status-publish","has-post-thumbnail","hentry"],"jetpack_sharing_enabled":true,"_links":{"self":[{"href":"https:\/\/ecosiembra.co\/index.php?rest_route=\/wp\/v2\/pages\/30"}],"collection":[{"href":"https:\/\/ecosiembra.co\/index.php?rest_route=\/wp\/v2\/pages"}],"about":[{"href":"https:\/\/ecosiembra.co\/index.php?rest_route=\/wp\/v2\/types\/page"}],"author":[{"embeddable":true,"href":"https:\/\/ecosiembra.co\/index.php?rest_route=\/wp\/v2\/users\/1"}],"replies":[{"embeddable":true,"href":"https:\/\/ecosiembra.co\/index.php?rest_route=%2Fwp%2Fv2%2Fcomments&post=30"}],"version-history":[{"count":69,"href":"https:\/\/ecosiembra.co\/index.php?rest_route=\/wp\/v2\/pages\/30\/revisions"}],"predecessor-version":[{"id":658,"href":"https:\/\/ecosiembra.co\/index.php?rest_route=\/wp\/v2\/pages\/30\/revisions\/658"}],"wp:featuredmedia":[{"embeddable":true,"href":"https:\/\/ecosiembra.co\/index.php?rest_route=\/wp\/v2\/media\/549"}],"wp:attachment":[{"href":"https:\/\/ecosiembra.co\/index.php?rest_route=%2Fwp%2Fv2%2Fmedia&parent=30"}],"curies":[{"name":"wp","href":"https:\/\/api.w.org\/{rel}","templated":true}]}}