{"id":29,"date":"2022-08-11T21:09:43","date_gmt":"2022-08-11T21:09:43","guid":{"rendered":"https:\/\/ecosiembra.co\/?page_id=29"},"modified":"2025-02-10T18:23:28","modified_gmt":"2025-02-10T18:23:28","slug":"beautiful-portfolios-for-exceptional-creatives","status":"publish","type":"page","link":"https:\/\/ecosiembra.co\/?page_id=29&lang=es","title":{"rendered":""},"content":{"rendered":"<div class=\"wp-block-columns is-layout-flex wp-container-core-columns-is-layout-1 wp-block-columns-is-layout-flex\"><div class=\"wp-block-column is-layout-flow wp-block-column-is-layout-flow\" style=\"flex-basis:45%\"><div class=\"wp-block-cover has-max-48-font-size\" style=\"border-style:none;border-width:0px;border-radius:4px;margin-top:0;margin-bottom:0;padding-top:var(--wp--preset--spacing--large);padding-right:0;padding-bottom:var(--wp--preset--spacing--large);padding-left:0;min-height:508px;aspect-ratio:unset;\"><span aria-hidden=\"true\" class=\"wp-block-cover__background has-background-dim-0 has-background-dim\" style=\"background-color:#484b2d\"><\/span><img loading=\"lazy\" decoding=\"async\" width=\"1920\" height=\"2560\" class=\"wp-block-cover__image-background wp-image-484\" alt=\"by Jean Paul Montanaro\" src=\"https:\/\/ecosiembra.co\/wp-content\/uploads\/2024\/11\/Tucan-jean-paul-montanaro-scaled.jpg\" data-object-fit=\"cover\" srcset=\"https:\/\/ecosiembra.co\/wp-content\/uploads\/2024\/11\/Tucan-jean-paul-montanaro-scaled.jpg 1920w, https:\/\/ecosiembra.co\/wp-content\/uploads\/2024\/11\/Tucan-jean-paul-montanaro-225x300.jpg 225w, https:\/\/ecosiembra.co\/wp-content\/uploads\/2024\/11\/Tucan-jean-paul-montanaro-768x1024.jpg 768w, https:\/\/ecosiembra.co\/wp-content\/uploads\/2024\/11\/Tucan-jean-paul-montanaro-2000x2667.jpg 2000w\" sizes=\"(max-width: 1920px) 100vw, 1920px\" \/><div class=\"wp-block-cover__inner-container is-layout-flow wp-container-core-cover-is-layout-1 wp-block-cover-is-layout-flow\"><p class=\"has-text-align-center has-large-font-size\"><\/p><\/div><\/div><\/div>\n\n<div class=\"wp-block-column is-vertically-aligned-center is-layout-flow wp-block-column-is-layout-flow\" style=\"flex-basis:66.66%\"><p style=\"font-size:clamp(22.041px, 1.378rem + ((1vw - 3.2px) * 1.454), 36px);\"><strong>Trabajamos por un futuro m\u00e1s verde<\/strong><\/p>\n\n<p>Con <strong>proyectos tangibles y adaptables <\/strong>de siembra de \u00e1rboles nativos que apoyan a las empresas a materializar sus estatutos de Responsabilidad Ambiental.<\/p>\n\n<p><strong>Compensa tu huella de carbono<\/strong>, cumple con tus requisitos legales y aporta a la restauraci\u00f3n del Bosque Seco Tropical.<\/p>\n\n<p class=\"has-text-align-left\">Sembramos una variedad de especies nativas para <strong>restablecer la biodiversidad y el balance en terrenos de dedicaci\u00f3n exclusiva.<\/strong><\/p><\/div><\/div><p><\/p><div class=\"n2_clear\"><ss3-force-full-width data-overflow-x=\"body\" data-horizontal-selector=\"body\"><div class=\"n2-section-smartslider fitvidsignore  n2_clear\" data-ssid=\"2\"><div id=\"n2-ss-2-align\" class=\"n2-ss-align\"><div class=\"n2-padding\"><div id=\"n2-ss-2\" data-creator=\"Smart Slider 3\" data-responsive=\"fullwidth\" class=\"n2-ss-slider n2-ow n2-has-hover n2notransition  \"><div class=\"n2-ss-slider-wrapper-inside\">\n        <div class=\"n2-ss-slider-1 n2_ss__touch_element n2-ow\">\n            <div class=\"n2-ss-slider-2 n2-ow\">\n                                                <div class=\"n2-ss-slider-3 n2-ow\">\n\n                    <div class=\"n2-ss-slide-backgrounds n2-ow-all\"><div class=\"n2-ss-slide-background\" data-public-id=\"1\" data-mode=\"fill\"><div data-color=\"RGBA(255,255,255,0)\" style=\"background-color: RGBA(255,255,255,0);\" class=\"n2-ss-slide-background-color\"><\/div><\/div><div class=\"n2-ss-slide-background\" data-public-id=\"2\" data-mode=\"fill\"><div data-color=\"RGBA(255,255,255,0)\" style=\"background-color: RGBA(255,255,255,0);\" class=\"n2-ss-slide-background-color\"><\/div><\/div><\/div>                    <div class=\"n2-ss-slider-4 n2-ow\">\n                        <svg xmlns=\"http:\/\/www.w3.org\/2000\/svg\" viewBox=\"0 0 1200 600\" data-related-device=\"desktopPortrait\" class=\"n2-ow n2-ss-preserve-size n2-ss-preserve-size--slider n2-ss-slide-limiter\"><\/svg><div data-slide-duration=\"0\" data-id=\"18\" data-slide-public-id=\"1\" data-title=\"Jaguar - Nativo\" class=\"n2-ss-slide n2-ow  n2-ss-slide-18\"><div role=\"note\" class=\"n2-ss-slide--focus\" tabindex=\"-1\">Jaguar &#8211; Nativo<\/div><div class=\"n2-ss-layers-container n2-ss-slide-limiter n2-ow\"><div class=\"n2-ss-layer n2-ow n-uc-WdNJgtnXPn7J\" data-sstype=\"slide\" data-pm=\"default\"><div class=\"n2-ss-layer n2-ow n-uc-OdhpG2Qw1AAz\" data-pm=\"default\" data-sstype=\"content\" data-hasbackground=\"1\"><div class=\"n2-ss-section-main-content n2-ss-layer-with-background n2-ss-layer-content n2-ow n-uc-OdhpG2Qw1AAz-inner\"><div class=\"n2-ss-layer n2-ow n-uc-92S0B0k6lXqQ\" data-pm=\"normal\" data-sstype=\"layer\"><\/div><div class=\"n2-ss-layer n2-ow n-uc-Tm1elPuPkHEh\" data-pm=\"normal\" data-sstype=\"layer\"><\/div><div class=\"n2-ss-layer n2-ow n2-ss-layer--block n2-ss-has-self-align n-uc-18a82fc6585c4\" data-pm=\"normal\" data-sstype=\"row\"><div class=\"n2-ss-layer-row n2-ss-layer-with-background n-uc-18a82fc6585c4-inner\"><div class=\"n2-ss-layer-row-inner \"><div class=\"n2-ss-layer n2-ow n-uc-1f2d3490f55f9\" data-pm=\"default\" data-href=\"#CaptuCoEs\" tabindex=\"0\" role=\"button\" data-n2click=\"url\" data-force-pointer=\"\" data-sstype=\"col\"><div class=\"n2-ss-layer-col n2-ss-layer-with-background n2-ss-layer-content n-uc-1f2d3490f55f9-inner\"><div class=\"n2-ss-layer n2-ow n-uc-IQzAfYquBDY4\" data-pm=\"normal\" data-sstype=\"layer\"><div class=\" n2-ss-item-image-content n2-ss-item-content n2-ow-all\"><a href=\"#CaptuCoEs\"><img decoding=\"async\" id=\"n2-ss-2item3\" alt=\"\" class=\"skip-lazy jetpack-lazy-image\" loading=\"lazy\" width=\"396\" height=\"587\" data-skip-lazy=\"1\" src=\"\/\/ecosiembra.co\/wp-content\/uploads\/2024\/11\/WEB_Ecosiembra-5.jpg\" \/><\/a><\/div><\/div><div class=\"n2-ss-layer n2-ow n-uc-WIX9WvCTwXDV n2-ss-layer--auto\" data-pm=\"normal\" data-sstype=\"layer\"><div class=\"n2-ss-button-container n2-ss-item-content n2-ow n2-font-176464dee0eea5b1ac11b21dab9b24d2-link  n2-ss-nowrap n2-ss-button-container--non-full-width\"><a class=\"n2-style-fd38549eee9ab23b7211fa4859786f10-heading  n2-ow \" href=\"https:\/\/ecosiembra.co\/?page_id=47&amp;lang=es#BosqEmpNatES\"><div><div>Quiero saber m\u00e1s<\/div><\/div><\/a><\/div><\/div><\/div><\/div><div class=\"n2-ss-layer n2-ow n-uc-14a930b06ade2\" data-pm=\"default\" data-href=\"https:\/\/ecosiembra.co\/?page_id=47&amp;lang=es#ArbolTitiES\" tabindex=\"0\" role=\"button\" data-n2click=\"url\" data-force-pointer=\"\" data-sstype=\"col\"><div class=\"n2-ss-layer-col n2-ss-layer-with-background n2-ss-layer-content n-uc-14a930b06ade2-inner\"><div class=\"n2-ss-layer n2-ow n-uc-JN6LILRDq0Ly\" data-pm=\"normal\" data-sstype=\"layer\"><div class=\" n2-ss-item-image-content n2-ss-item-content n2-ow-all\"><img decoding=\"async\" id=\"n2-ss-2item5\" alt=\"\" class=\"skip-lazy jetpack-lazy-image\" loading=\"lazy\" width=\"390\" height=\"587\" data-skip-lazy=\"1\" src=\"\/\/ecosiembra.co\/wp-content\/uploads\/2024\/11\/WEB_Ecosiembra.jpg\" \/><\/div><\/div><div class=\"n2-ss-layer n2-ow n-uc-FfGDul3JrRM8 n2-ss-layer--auto\" data-pm=\"normal\" data-sstype=\"layer\"><div class=\"n2-ss-button-container n2-ss-item-content n2-ow n2-font-176464dee0eea5b1ac11b21dab9b24d2-link  n2-ss-nowrap n2-ss-button-container--non-full-width\"><a class=\"n2-style-fd38549eee9ab23b7211fa4859786f10-heading  n2-ow \" href=\"https:\/\/ecosiembra.co\/?page_id=47#ArbolNatTigriES\"><div><div>Quiero saber m\u00e1s<\/div><\/div><\/a><\/div><\/div><\/div><\/div><\/div><\/div><\/div><\/div><\/div><\/div><\/div><\/div><div data-first=\"1\" data-slide-duration=\"0\" data-id=\"25\" data-slide-public-id=\"2\" data-title=\"Jaguar - Nativo\" class=\"n2-ss-slide n2-ow  n2-ss-slide-25\"><div role=\"note\" class=\"n2-ss-slide--focus\" tabindex=\"-1\">Jaguar &#8211; Nativo<\/div><div class=\"n2-ss-layers-container n2-ss-slide-limiter n2-ow\"><div class=\"n2-ss-layer n2-ow n-uc-tssGWT0C7OAk\" data-sstype=\"slide\" data-pm=\"default\"><div class=\"n2-ss-layer n2-ow n-uc-OuDHiOCGRNMS\" data-pm=\"default\" data-sstype=\"content\" data-hasbackground=\"1\"><div class=\"n2-ss-section-main-content n2-ss-layer-with-background n2-ss-layer-content n2-ow n-uc-OuDHiOCGRNMS-inner\"><div class=\"n2-ss-layer n2-ow n-uc-VRliCrEsTtiO\" data-pm=\"normal\" data-sstype=\"layer\"><\/div><div class=\"n2-ss-layer n2-ow n-uc-RkAFbEzzT6I5\" data-pm=\"normal\" data-sstype=\"layer\"><\/div><div class=\"n2-ss-layer n2-ow n2-ss-layer--block n2-ss-has-self-align n-uc-LT6CIzkDQuvE\" data-pm=\"normal\" data-sstype=\"row\"><div class=\"n2-ss-layer-row n2-ss-layer-with-background n-uc-LT6CIzkDQuvE-inner\"><div class=\"n2-ss-layer-row-inner \"><div class=\"n2-ss-layer n2-ow n-uc-4enY0hPbHIQ4\" data-pm=\"default\" data-href=\"#CaptuCoEs\" tabindex=\"0\" role=\"button\" data-n2click=\"url\" data-force-pointer=\"\" data-sstype=\"col\"><div class=\"n2-ss-layer-col n2-ss-layer-with-background n2-ss-layer-content n-uc-4enY0hPbHIQ4-inner\"><div class=\"n2-ss-layer n2-ow n-uc-jnbVZKGYnjCu\" data-pm=\"normal\" data-sstype=\"layer\"><div class=\" n2-ss-item-image-content n2-ss-item-content n2-ow-all\"><a href=\"#CaptuCoEs\"><img loading=\"lazy\" decoding=\"async\" id=\"n2-ss-2item9\" alt=\"\" class=\"skip-lazy jetpack-lazy-image\" width=\"390\" height=\"587\" data-skip-lazy=\"1\" src=\"\/\/ecosiembra.co\/wp-content\/uploads\/2025\/02\/WEB_Ecosiembra-35.jpg\" \/><\/a><\/div><\/div><div class=\"n2-ss-layer n2-ow n-uc-R68pHEk8l3jR n2-ss-layer--auto\" data-pm=\"normal\" data-sstype=\"layer\"><div class=\"n2-ss-button-container n2-ss-item-content n2-ow n2-font-176464dee0eea5b1ac11b21dab9b24d2-link  n2-ss-nowrap n2-ss-button-container--non-full-width\"><a class=\"n2-style-fd38549eee9ab23b7211fa4859786f10-heading  n2-ow \" href=\"https:\/\/ecosiembra.co\/?post_type=product\"><div><div>Lo quiero!<\/div><\/div><\/a><\/div><\/div><\/div><\/div><div class=\"n2-ss-layer n2-ow n-uc-6XEQGYY97bn6\" data-pm=\"default\" data-href=\"https:\/\/ecosiembra.co\/?page_id=47&amp;lang=es#ArbolTitiES\" tabindex=\"0\" role=\"button\" data-n2click=\"url\" data-force-pointer=\"\" data-sstype=\"col\"><div class=\"n2-ss-layer-col n2-ss-layer-with-background n2-ss-layer-content n-uc-6XEQGYY97bn6-inner\"><div class=\"n2-ss-layer n2-ow n-uc-81FnvBdHD4pY\" data-pm=\"normal\" data-sstype=\"layer\"><div class=\" n2-ss-item-image-content n2-ss-item-content n2-ow-all\"><img loading=\"lazy\" decoding=\"async\" id=\"n2-ss-2item11\" alt=\"\" class=\"skip-lazy jetpack-lazy-image\" width=\"390\" height=\"587\" data-skip-lazy=\"1\" src=\"\/\/ecosiembra.co\/wp-content\/uploads\/2025\/02\/WEB_Ecosiembra-30.jpg\" \/><\/div><\/div><div class=\"n2-ss-layer n2-ow n-uc-qVMOSXc927FL n2-ss-layer--auto\" data-pm=\"normal\" data-sstype=\"layer\"><div class=\"n2-ss-button-container n2-ss-item-content n2-ow n2-font-176464dee0eea5b1ac11b21dab9b24d2-link  n2-ss-nowrap n2-ss-button-container--non-full-width\"><a class=\"n2-style-fd38549eee9ab23b7211fa4859786f10-heading  n2-ow \" href=\"https:\/\/ecosiembra.co\/?post_type=product\"><div><div>Lo quiero!<\/div><\/div><\/a><\/div><\/div><\/div><\/div><\/div><\/div><\/div><\/div><\/div><\/div><\/div><\/div>                    <\/div>\n\n                                    <\/div>\n            <\/div>\n        <\/div>\n        <div class=\"n2-ss-slider-controls n2-ss-slider-controls-absolute-left-center\"><div style=\"--widget-offset:15px;\" class=\"n2-ss-widget n2-ss-widget-display-hover nextend-arrow n2-ow-all nextend-arrow-previous  nextend-arrow-animated-fade\" data-hide-mobileportrait=\"1\" id=\"n2-ss-2-arrow-previous\" role=\"button\" aria-label=\"previous arrow\" tabindex=\"0\"><img loading=\"lazy\" decoding=\"async\" width=\"32\" height=\"32\" class=\"n2-arrow-normal-img skip-lazy jetpack-lazy-image\" data-skip-lazy=\"1\" src=\"data:image\/svg+xml;base64,PHN2ZyB3aWR0aD0iMzIiIGhlaWdodD0iMzIiIHZpZXdCb3g9IjAgMCAzMiAzMiIgeG1sbnM9Imh0dHA6Ly93d3cudzMub3JnLzIwMDAvc3ZnIj4KICAgIDxwYXRoIGQ9Ik0xMS40MzMgMTUuOTkyTDIyLjY5IDUuNzEyYy4zOTMtLjM5LjM5My0xLjAzIDAtMS40Mi0uMzkzLS4zOS0xLjAzLS4zOS0xLjQyMyAwbC0xMS45OCAxMC45NGMtLjIxLjIxLS4zLjQ5LS4yODUuNzYtLjAxNS4yOC4wNzUuNTYuMjg0Ljc3bDExLjk4IDEwLjk0Yy4zOTMuMzkgMS4wMy4zOSAxLjQyNCAwIC4zOTMtLjQuMzkzLTEuMDMgMC0xLjQybC0xMS4yNTctMTAuMjkiCiAgICAgICAgICBmaWxsPSIjODA4MDgwIiBvcGFjaXR5PSIxIiBmaWxsLXJ1bGU9ImV2ZW5vZGQiLz4KPC9zdmc+\" alt=\"previous arrow\"><img loading=\"lazy\" decoding=\"async\" width=\"32\" height=\"32\" class=\"n2-arrow-hover-img skip-lazy jetpack-lazy-image\" data-skip-lazy=\"1\" src=\"data:image\/svg+xml;base64,PHN2ZyB3aWR0aD0iMzIiIGhlaWdodD0iMzIiIHZpZXdCb3g9IjAgMCAzMiAzMiIgeG1sbnM9Imh0dHA6Ly93d3cudzMub3JnLzIwMDAvc3ZnIj4KICAgIDxwYXRoIGQ9Ik0xMS40MzMgMTUuOTkyTDIyLjY5IDUuNzEyYy4zOTMtLjM5LjM5My0xLjAzIDAtMS40Mi0uMzkzLS4zOS0xLjAzLS4zOS0xLjQyMyAwbC0xMS45OCAxMC45NGMtLjIxLjIxLS4zLjQ5LS4yODUuNzYtLjAxNS4yOC4wNzUuNTYuMjg0Ljc3bDExLjk4IDEwLjk0Yy4zOTMuMzkgMS4wMy4zOSAxLjQyNCAwIC4zOTMtLjQuMzkzLTEuMDMgMC0xLjQybC0xMS4yNTctMTAuMjkiCiAgICAgICAgICBmaWxsPSIjMmVjYzcxIiBvcGFjaXR5PSIwLjQ2IiBmaWxsLXJ1bGU9ImV2ZW5vZGQiLz4KPC9zdmc+\" alt=\"previous arrow\"><\/div><\/div><div class=\"n2-ss-slider-controls n2-ss-slider-controls-absolute-right-center\"><div style=\"--widget-offset:15px;\" class=\"n2-ss-widget n2-ss-widget-display-hover nextend-arrow n2-ow-all nextend-arrow-next  nextend-arrow-animated-fade\" data-hide-mobileportrait=\"1\" id=\"n2-ss-2-arrow-next\" role=\"button\" aria-label=\"next arrow\" tabindex=\"0\"><img loading=\"lazy\" decoding=\"async\" width=\"32\" height=\"32\" class=\"n2-arrow-normal-img skip-lazy jetpack-lazy-image\" data-skip-lazy=\"1\" src=\"data:image\/svg+xml;base64,PHN2ZyB3aWR0aD0iMzIiIGhlaWdodD0iMzIiIHZpZXdCb3g9IjAgMCAzMiAzMiIgeG1sbnM9Imh0dHA6Ly93d3cudzMub3JnLzIwMDAvc3ZnIj4KICAgIDxwYXRoIGQ9Ik0xMC43MjIgNC4yOTNjLS4zOTQtLjM5LTEuMDMyLS4zOS0xLjQyNyAwLS4zOTMuMzktLjM5MyAxLjAzIDAgMS40MmwxMS4yODMgMTAuMjgtMTEuMjgzIDEwLjI5Yy0uMzkzLjM5LS4zOTMgMS4wMiAwIDEuNDIuMzk1LjM5IDEuMDMzLjM5IDEuNDI3IDBsMTIuMDA3LTEwLjk0Yy4yMS0uMjEuMy0uNDkuMjg0LS43Ny4wMTQtLjI3LS4wNzYtLjU1LS4yODYtLjc2TDEwLjcyIDQuMjkzeiIKICAgICAgICAgIGZpbGw9IiM4MDgwODAiIG9wYWNpdHk9IjEiIGZpbGwtcnVsZT0iZXZlbm9kZCIvPgo8L3N2Zz4=\" alt=\"next arrow\"><img loading=\"lazy\" decoding=\"async\" width=\"32\" height=\"32\" class=\"n2-arrow-hover-img skip-lazy jetpack-lazy-image\" data-skip-lazy=\"1\" src=\"data:image\/svg+xml;base64,PHN2ZyB3aWR0aD0iMzIiIGhlaWdodD0iMzIiIHZpZXdCb3g9IjAgMCAzMiAzMiIgeG1sbnM9Imh0dHA6Ly93d3cudzMub3JnLzIwMDAvc3ZnIj4KICAgIDxwYXRoIGQ9Ik0xMC43MjIgNC4yOTNjLS4zOTQtLjM5LTEuMDMyLS4zOS0xLjQyNyAwLS4zOTMuMzktLjM5MyAxLjAzIDAgMS40MmwxMS4yODMgMTAuMjgtMTEuMjgzIDEwLjI5Yy0uMzkzLjM5LS4zOTMgMS4wMiAwIDEuNDIuMzk1LjM5IDEuMDMzLjM5IDEuNDI3IDBsMTIuMDA3LTEwLjk0Yy4yMS0uMjEuMy0uNDkuMjg0LS43Ny4wMTQtLjI3LS4wNzYtLjU1LS4yODYtLjc2TDEwLjcyIDQuMjkzeiIKICAgICAgICAgIGZpbGw9IiMyZWNjNzEiIG9wYWNpdHk9IjAuNDYiIGZpbGwtcnVsZT0iZXZlbm9kZCIvPgo8L3N2Zz4=\" alt=\"next arrow\"><\/div><\/div><\/div><\/div><ss3-loader><\/ss3-loader><\/div><\/div><div class=\"n2_clear\"><\/div><\/div><\/ss3-force-full-width><\/div><p><\/p><div class=\"wp-block-columns is-layout-flex wp-container-core-columns-is-layout-2 wp-block-columns-is-layout-flex\"><div class=\"wp-block-column is-vertically-aligned-center has-primary-color has-text-color has-link-color wp-elements-f27f7ad64265bfc6e9170f75af16b685 is-layout-flow wp-block-column-is-layout-flow\" style=\"flex-basis:66.66%\"><p class=\"has-large-font-size\"><strong>\u00c1rboles nativos y siembra Biodin\u00e1mica<\/strong><\/p>\n\n<p>Abrazamos la tradici\u00f3n andina de la permacultura y la fusionamos con t\u00e9cnicas de restauraci\u00f3n de suelos de la agricultura biodin\u00e1mica, innovando con el uso de t\u00e9cnicas org\u00e1nicas tradicionalmente utilizadas para la agricultura, eliminando la necesidad de pesticidas y fertilizantes para nuestros procesos.<\/p>\n\n<p>Todo esto con el fin de <strong>restaurar el Bosque Seco Tropical<\/strong> que es uno de los ecosistemas claves para la seguridad alimentaria, la protecci\u00f3n de la biodiversidad y la lucha contra el cambio clim\u00e1tico, sin embargo es uno de los m\u00e1s fragmentados y deteriorados en Colombia como consecuencia de la actividad humana.<\/p><\/div>\n\n<div class=\"wp-block-column is-layout-flow wp-block-column-is-layout-flow\" style=\"flex-basis:45%\"><div class=\"wp-block-cover has-max-48-font-size\" style=\"border-style:none;border-width:0px;border-radius:4px;margin-top:0;margin-bottom:0;padding-top:var(--wp--preset--spacing--large);padding-right:0;padding-bottom:var(--wp--preset--spacing--large);padding-left:0;min-height:471px;aspect-ratio:unset;\"><span aria-hidden=\"true\" class=\"wp-block-cover__background has-background-dim-0 has-background-dim\"><\/span><img loading=\"lazy\" decoding=\"async\" width=\"2560\" height=\"1707\" class=\"wp-block-cover__image-background wp-image-482\" alt=\"\" src=\"https:\/\/ecosiembra.co\/wp-content\/uploads\/2024\/11\/Lechuza_javier-tormes-roque-scaled.jpg\" data-object-fit=\"cover\" srcset=\"https:\/\/ecosiembra.co\/wp-content\/uploads\/2024\/11\/Lechuza_javier-tormes-roque-scaled.jpg 2560w, https:\/\/ecosiembra.co\/wp-content\/uploads\/2024\/11\/Lechuza_javier-tormes-roque-300x200.jpg 300w, https:\/\/ecosiembra.co\/wp-content\/uploads\/2024\/11\/Lechuza_javier-tormes-roque-1024x683.jpg 1024w, https:\/\/ecosiembra.co\/wp-content\/uploads\/2024\/11\/Lechuza_javier-tormes-roque-2000x1333.jpg 2000w, https:\/\/ecosiembra.co\/wp-content\/uploads\/2024\/11\/Lechuza_javier-tormes-roque-scaled-600x400.jpg 600w\" sizes=\"(max-width: 2560px) 100vw, 2560px\" \/><div class=\"wp-block-cover__inner-container is-layout-flow wp-container-core-cover-is-layout-2 wp-block-cover-is-layout-flow\"><p class=\"has-text-align-center has-large-font-size\"><\/p><\/div><\/div><\/div><\/div><div style=\"height:100px\" aria-hidden=\"true\" class=\"wp-block-spacer\"><\/div><hr class=\"wp-block-separator has-alpha-channel-opacity\"\/><p><strong>Somos una empresa familiar, <\/strong>creada desde la preocupaci\u00f3n por el impacto sobre el medio ambiente.  Liderada por mujeres provenientes del sector cultural que han decidido traer toda su creatividad y dedicaci\u00f3n al proyecto de restauraci\u00f3n del Bosque Seco Tropical. <\/p><p style=\"padding-right:0;padding-left:0\">Nuestro objetivo es apoyar a las empresas a ser m\u00e1s sostenibles y juntos construir un mundo m\u00e1s verde. Sabemos que requieres tener acceso a informaci\u00f3n de tu bosque empresarial, con nosotros podr\u00e1s hacer el seguimiento, as\u00ed como ofrecer a tus empleados la oportunidad de adoptar un \u00e1rbol. Habla con nosotros y te contaremos como hacerlo.<\/p><p><\/p><figure class=\"wp-block-gallery has-nested-images columns-default is-cropped wp-block-gallery-1 is-layout-flex wp-block-gallery-is-layout-flex\"><figure class=\"wp-block-image alignwide size-large is-style-default\"><img loading=\"lazy\" decoding=\"async\" width=\"2560\" height=\"1440\" data-id=\"498\" src=\"https:\/\/ecosiembra.co\/wp-content\/uploads\/2024\/11\/rana-e-insecto-edited-scaled.jpg\" alt=\"\" class=\"wp-image-498\" srcset=\"https:\/\/ecosiembra.co\/wp-content\/uploads\/2024\/11\/rana-e-insecto-edited-scaled.jpg 2560w, https:\/\/ecosiembra.co\/wp-content\/uploads\/2024\/11\/rana-e-insecto-edited-300x169.jpg 300w, https:\/\/ecosiembra.co\/wp-content\/uploads\/2024\/11\/rana-e-insecto-edited-1024x576.jpg 1024w, https:\/\/ecosiembra.co\/wp-content\/uploads\/2024\/11\/rana-e-insecto-edited-2000x1125.jpg 2000w\" sizes=\"(max-width: 2560px) 100vw, 2560px\" \/><\/figure><\/figure><div class=\"wp-block-cover alignfull is-light has-parallax is-position-center-center\" style=\"min-height:375px;aspect-ratio:unset;\"><span aria-hidden=\"true\" class=\"wp-block-cover__background has-black-background-color has-background-dim-40 has-background-dim\"><\/span><div class=\"wp-block-cover__image-background wp-image-24 has-parallax\" style=\"background-position:50% 50%;background-image:url(https:\/\/ecosiembra.co\/wp-content\/themes\/inspiro\/assets\/images\/StockSnap_89BQZ89TLH.jpg)\"><\/div><div class=\"wp-block-cover__inner-container has-global-padding is-layout-constrained wp-block-cover-is-layout-constrained\"><p class=\"has-text-align-center has-text-color has-huge-font-size\" style=\"color:#fffffa;line-height:1.1\">Cont\u00e1ctanos para conocer m\u00e1s de nuestros productos <\/p>\n\n<div class=\"wp-block-buttons is-horizontal is-content-justification-center is-layout-flex wp-container-core-buttons-is-layout-1 wp-block-buttons-is-layout-flex\"><div class=\"wp-block-button is-style-outline is-style-outline--57adfaea4f40360a9377f08b29c1f09c\"><a class=\"wp-block-button__link has-white-color has-text-color wp-element-button\" href=\"https:\/\/ecosiembra.co\/index.php\/contact-2\/\">Cont\u00e1ctanos<\/a><\/div><\/div><\/div><\/div>","protected":false},"excerpt":{"rendered":"<p>Trabajamos por un futuro m\u00e1s verde Con proyectos tangibles y adaptables de siembra de \u00e1rboles nativos que apoyan a las empresas a materializar sus estatutos de Responsabilidad Ambiental. Compensa tu huella de carbono, cumple con tus requisitos legales y aporta a la restauraci\u00f3n del Bosque Seco Tropical. Sembramos una variedad de especies nativas para restablecer &hellip; <\/p>\n<p class=\"link-more\"><a href=\"https:\/\/ecosiembra.co\/?page_id=29&#038;lang=es\" class=\"more-link\">Leer m\u00e1s<span class=\"screen-reader-text\"> \u00ab\u00bb<\/span><\/a><\/p>\n","protected":false},"author":1,"featured_media":28,"parent":0,"menu_order":0,"comment_status":"closed","ping_status":"closed","template":"","meta":{"om_disable_all_campaigns":false,"_monsterinsights_skip_tracking":false,"_monsterinsights_sitenote_active":false,"_monsterinsights_sitenote_note":"","_monsterinsights_sitenote_category":0,"footnotes":""},"class_list":["post-29","page","type-page","status-publish","has-post-thumbnail","hentry"],"jetpack_sharing_enabled":true,"_links":{"self":[{"href":"https:\/\/ecosiembra.co\/index.php?rest_route=\/wp\/v2\/pages\/29"}],"collection":[{"href":"https:\/\/ecosiembra.co\/index.php?rest_route=\/wp\/v2\/pages"}],"about":[{"href":"https:\/\/ecosiembra.co\/index.php?rest_route=\/wp\/v2\/types\/page"}],"author":[{"embeddable":true,"href":"https:\/\/ecosiembra.co\/index.php?rest_route=\/wp\/v2\/users\/1"}],"replies":[{"embeddable":true,"href":"https:\/\/ecosiembra.co\/index.php?rest_route=%2Fwp%2Fv2%2Fcomments&post=29"}],"version-history":[{"count":50,"href":"https:\/\/ecosiembra.co\/index.php?rest_route=\/wp\/v2\/pages\/29\/revisions"}],"predecessor-version":[{"id":577,"href":"https:\/\/ecosiembra.co\/index.php?rest_route=\/wp\/v2\/pages\/29\/revisions\/577"}],"wp:featuredmedia":[{"embeddable":true,"href":"https:\/\/ecosiembra.co\/index.php?rest_route=\/wp\/v2\/media\/28"}],"wp:attachment":[{"href":"https:\/\/ecosiembra.co\/index.php?rest_route=%2Fwp%2Fv2%2Fmedia&parent=29"}],"curies":[{"name":"wp","href":"https:\/\/api.w.org\/{rel}","templated":true}]}}