{"id":251,"date":"2022-09-08T05:30:47","date_gmt":"2022-09-08T05:30:47","guid":{"rendered":"https:\/\/ecosiembra.co\/?page_id=251"},"modified":"2022-09-15T21:49:17","modified_gmt":"2022-09-15T21:49:17","slug":"nuestra-filosofia","status":"publish","type":"page","link":"https:\/\/ecosiembra.co\/?page_id=251&lang=es","title":{"rendered":"Nuestra Filosofia"},"content":{"rendered":"<p>Sabemos que las empresas desean llevar los estatutos de Responsabilidad Social Empresarial a proyectos tangibles. Con la siembra de cada \u00e1rbol de la mano de nuestros clientes no solo capturamos toneladas de CO2 anuales, sino que contribuimos a la conservaci\u00f3n y crecimiento de la biomasa de un ecosistema en peligro de extinci\u00f3n. Adem\u00e1s, trabajamos de la mano de habitantes de la zona, por lo que los proyectos se ven reflejados en beneficios reales para la sociedad.<\/p><div class=\"wp-block-media-text alignwide is-stacked-on-mobile\"><figure class=\"wp-block-media-text__media\"><img loading=\"lazy\" decoding=\"async\" width=\"1024\" height=\"575\" src=\"https:\/\/ecosiembra.co\/wp-content\/uploads\/2022\/09\/pexels-roman-odintsov-1024x575.jpg\" alt=\"\" class=\"wp-image-261 size-full\" srcset=\"https:\/\/ecosiembra.co\/wp-content\/uploads\/2022\/09\/pexels-roman-odintsov-1024x575.jpg 1024w, https:\/\/ecosiembra.co\/wp-content\/uploads\/2022\/09\/pexels-roman-odintsov-300x169.jpg 300w, https:\/\/ecosiembra.co\/wp-content\/uploads\/2022\/09\/pexels-roman-odintsov-768x431.jpg 768w, https:\/\/ecosiembra.co\/wp-content\/uploads\/2022\/09\/pexels-roman-odintsov-1536x863.jpg 1536w, https:\/\/ecosiembra.co\/wp-content\/uploads\/2022\/09\/pexels-roman-odintsov-2048x1150.jpg 2048w, https:\/\/ecosiembra.co\/wp-content\/uploads\/2022\/09\/pexels-roman-odintsov-2000x1123.jpg 2000w\" sizes=\"(max-width: 1024px) 100vw, 1024px\" \/><\/figure><div class=\"wp-block-media-text__content\"><h2 class=\"wp-block-heading\">Prop\u00f3sito superior<\/h2>\n\n<p>Ser el puente que permita a las empresas mitigar su huella de carbono e h\u00eddrica, mediante la siembra, mantenimiento y cuidado de \u00e1rboles, as\u00ed como de la implementaci\u00f3n de proyectos de Responsabilidad Social Empresarial.\u00a0<\/p><\/div><\/div><div class=\"wp-block-media-text alignwide has-media-on-the-right is-stacked-on-mobile is-image-fill\" style=\"grid-template-columns:auto 37%\"><figure class=\"wp-block-media-text__media\" style=\"background-image:url(https:\/\/ecosiembra.co\/wp-content\/uploads\/2022\/08\/low-angle-closeup-of-tree-roots-in-the-ground-surrounded-by-leaves-and-greenery-under-sunlight-683x1024.jpg);background-position:50% 50%\"><img loading=\"lazy\" decoding=\"async\" width=\"683\" height=\"1024\" src=\"https:\/\/ecosiembra.co\/wp-content\/uploads\/2022\/08\/low-angle-closeup-of-tree-roots-in-the-ground-surrounded-by-leaves-and-greenery-under-sunlight-683x1024.jpg\" alt=\"\" class=\"wp-image-153 size-large\" srcset=\"https:\/\/ecosiembra.co\/wp-content\/uploads\/2022\/08\/low-angle-closeup-of-tree-roots-in-the-ground-surrounded-by-leaves-and-greenery-under-sunlight-683x1024.jpg 683w, https:\/\/ecosiembra.co\/wp-content\/uploads\/2022\/08\/low-angle-closeup-of-tree-roots-in-the-ground-surrounded-by-leaves-and-greenery-under-sunlight-200x300.jpg 200w, https:\/\/ecosiembra.co\/wp-content\/uploads\/2022\/08\/low-angle-closeup-of-tree-roots-in-the-ground-surrounded-by-leaves-and-greenery-under-sunlight-768x1151.jpg 768w, https:\/\/ecosiembra.co\/wp-content\/uploads\/2022\/08\/low-angle-closeup-of-tree-roots-in-the-ground-surrounded-by-leaves-and-greenery-under-sunlight-1025x1536.jpg 1025w, https:\/\/ecosiembra.co\/wp-content\/uploads\/2022\/08\/low-angle-closeup-of-tree-roots-in-the-ground-surrounded-by-leaves-and-greenery-under-sunlight-1367x2048.jpg 1367w, https:\/\/ecosiembra.co\/wp-content\/uploads\/2022\/08\/low-angle-closeup-of-tree-roots-in-the-ground-surrounded-by-leaves-and-greenery-under-sunlight-2000x2997.jpg 2000w, https:\/\/ecosiembra.co\/wp-content\/uploads\/2022\/08\/low-angle-closeup-of-tree-roots-in-the-ground-surrounded-by-leaves-and-greenery-under-sunlight-scaled.jpg 1709w\" sizes=\"(max-width: 683px) 100vw, 683px\" \/><\/figure><div class=\"wp-block-media-text__content\"><h2 class=\"wp-block-heading\">A d\u00f3nde queremos llegar<\/h2>\n\n<p>Ser a 10 a\u00f1os una empresa l\u00edder en reforestaci\u00f3n de ecosistemas variados, la prestaci\u00f3n de servicios ambientales e implementaci\u00f3n de proyectos de Responsabilidad Social Empresarial.<\/p><\/div><\/div><div style=\"height:100px\" aria-hidden=\"true\" class=\"wp-block-spacer\"><\/div>","protected":false},"excerpt":{"rendered":"<p>Sabemos que las empresas desean llevar los estatutos de Responsabilidad Social Empresarial a proyectos tangibles. Con la siembra de cada \u00e1rbol de la mano de nuestros clientes no solo capturamos toneladas de CO2 anuales, sino que contribuimos a la conservaci\u00f3n y crecimiento de la biomasa de un ecosistema en peligro de extinci\u00f3n. Adem\u00e1s, trabajamos de &hellip; <\/p>\n<p class=\"link-more\"><a href=\"https:\/\/ecosiembra.co\/?page_id=251&#038;lang=es\" class=\"more-link\">Leer m\u00e1s<span class=\"screen-reader-text\"> \u00abNuestra Filosofia\u00bb<\/span><\/a><\/p>\n","protected":false},"author":1,"featured_media":106,"parent":0,"menu_order":0,"comment_status":"closed","ping_status":"closed","template":"","meta":{"om_disable_all_campaigns":false,"_monsterinsights_skip_tracking":false,"_monsterinsights_sitenote_active":false,"_monsterinsights_sitenote_note":"","_monsterinsights_sitenote_category":0,"footnotes":""},"class_list":["post-251","page","type-page","status-publish","has-post-thumbnail","hentry"],"jetpack_sharing_enabled":true,"_links":{"self":[{"href":"https:\/\/ecosiembra.co\/index.php?rest_route=\/wp\/v2\/pages\/251"}],"collection":[{"href":"https:\/\/ecosiembra.co\/index.php?rest_route=\/wp\/v2\/pages"}],"about":[{"href":"https:\/\/ecosiembra.co\/index.php?rest_route=\/wp\/v2\/types\/page"}],"author":[{"embeddable":true,"href":"https:\/\/ecosiembra.co\/index.php?rest_route=\/wp\/v2\/users\/1"}],"replies":[{"embeddable":true,"href":"https:\/\/ecosiembra.co\/index.php?rest_route=%2Fwp%2Fv2%2Fcomments&post=251"}],"version-history":[{"count":8,"href":"https:\/\/ecosiembra.co\/index.php?rest_route=\/wp\/v2\/pages\/251\/revisions"}],"predecessor-version":[{"id":279,"href":"https:\/\/ecosiembra.co\/index.php?rest_route=\/wp\/v2\/pages\/251\/revisions\/279"}],"wp:featuredmedia":[{"embeddable":true,"href":"https:\/\/ecosiembra.co\/index.php?rest_route=\/wp\/v2\/media\/106"}],"wp:attachment":[{"href":"https:\/\/ecosiembra.co\/index.php?rest_route=%2Fwp%2Fv2%2Fmedia&parent=251"}],"curies":[{"name":"wp","href":"https:\/\/api.w.org\/{rel}","templated":true}]}}